{"id":191,"date":"2023-11-01T10:32:46","date_gmt":"2023-11-01T09:32:46","guid":{"rendered":"https:\/\/re-born.oxanabeselea.com\/?post_type=product&#038;p=191"},"modified":"2023-11-05T10:33:12","modified_gmt":"2023-11-05T09:33:12","slug":"re-born","status":"publish","type":"product","link":"https:\/\/re-born.oxanabeselea.com\/?product=re-born","title":{"rendered":"Re -Born"},"content":{"rendered":"<p>[et_pb_section fb_built=&#8220;1&#8243; _builder_version=&#8220;4.16&#8243; custom_padding=&#8220;0px||||false|false&#8220; global_colors_info=&#8220;{}&#8220;][et_pb_row _builder_version=&#8220;4.16&#8243; background_size=&#8220;initial&#8220; background_position=&#8220;top_left&#8220; background_repeat=&#8220;repeat&#8220; width=&#8220;100%&#8220; custom_padding=&#8220;0px||0px||false|false&#8220; collapsed=&#8220;off&#8220; global_colors_info=&#8220;{}&#8220;][et_pb_column type=&#8220;4_4&#8243; _builder_version=&#8220;4.16&#8243; custom_padding=&#8220;|||&#8220; global_colors_info=&#8220;{}&#8220; custom_padding__hover=&#8220;|||&#8220;][et_pb_divider show_divider=&#8220;off&#8220; _builder_version=&#8220;4.23&#8243; _module_preset=&#8220;default&#8220; global_colors_info=&#8220;{}&#8220;][\/et_pb_divider][et_pb_wc_breadcrumb product=&#8220;191&#8243; _builder_version=&#8220;4.23&#8243; body_font_size=&#8220;19px&#8220; custom_margin_tablet=&#8220;10px||-10px|50px|false|false&#8220; custom_margin_phone=&#8220;0px|12px|10px|20px|false|false&#8220; custom_margin_last_edited=&#8220;on|phone&#8220; body_font_size_tablet=&#8220;16px&#8220; body_font_size_phone=&#8220;14px&#8220; body_font_size_last_edited=&#8220;on|phone&#8220; global_colors_info=&#8220;{}&#8220;][\/et_pb_wc_breadcrumb][\/et_pb_column][\/et_pb_row][et_pb_row column_structure=&#8220;1_2,1_2&#8243; _builder_version=&#8220;4.23&#8243; background_size=&#8220;initial&#8220; background_position=&#8220;top_left&#8220; background_repeat=&#8220;repeat&#8220; width=&#8220;100%&#8220; min_height=&#8220;387.1px&#8220; custom_margin=&#8220;19px|auto||auto||&#8220; custom_margin_tablet=&#8220;0px||||false|false&#8220; custom_margin_phone=&#8220;0px||||false|false&#8220; custom_margin_last_edited=&#8220;on|tablet&#8220; custom_padding=&#8220;0px||2px||false|false&#8220; global_colors_info=&#8220;{}&#8220;][et_pb_column type=&#8220;1_2&#8243; _builder_version=&#8220;4.16&#8243; custom_padding=&#8220;|||&#8220; global_colors_info=&#8220;{}&#8220; custom_padding__hover=&#8220;|||&#8220;][et_pb_divider show_divider=&#8220;off&#8220; _builder_version=&#8220;4.23&#8243; _module_preset=&#8220;default&#8220; global_colors_info=&#8220;{%22gcid-3ec2bccc-5bcb-4ce4-beba-891cb37fd6a6%22:%91%22color%22%93}&#8220;][\/et_pb_divider][et_pb_wc_images product=&#8220;191&#8243; _builder_version=&#8220;4.23&#8243; min_height_tablet=&#8220;1000px&#8220; min_height_phone=&#8220;1000px&#8220; min_height_last_edited=&#8220;on|phone&#8220; height_tablet=&#8220;1000px&#8220; height_phone=&#8220;1000px&#8220; height_last_edited=&#8220;on|tablet&#8220; custom_margin=&#8220;-140px||||false|false&#8220; custom_margin_tablet=&#8220;-90px|50px|-689px|50px|false|false&#8220; custom_margin_phone=&#8220;-40px|21px|-811px|26px|false|false&#8220; custom_margin_last_edited=&#8220;on|tablet&#8220; global_colors_info=&#8220;{}&#8220;][\/et_pb_wc_images][\/et_pb_column][et_pb_column type=&#8220;1_2&#8243; _builder_version=&#8220;4.16&#8243; custom_padding=&#8220;|||&#8220; global_colors_info=&#8220;{}&#8220; custom_padding__hover=&#8220;|||&#8220;][et_pb_wc_title product=&#8220;191&#8243; _builder_version=&#8220;4.23&#8243; header_level=&#8220;h2&#8243; header_font=&#8220;bright||||||||&#8220; header_text_color=&#8220;gcid-3ec2bccc-5bcb-4ce4-beba-891cb37fd6a6&#8243; header_font_size=&#8220;35px&#8220; custom_margin=&#8220;-10px||||false|false&#8220; custom_margin_tablet=&#8220;60px||||false|false&#8220; custom_margin_phone=&#8220;-10px||||false|false&#8220; custom_margin_last_edited=&#8220;on|tablet&#8220; header_text_align_tablet=&#8220;center&#8220; header_text_align_phone=&#8220;center&#8220; header_text_align_last_edited=&#8220;on|tablet&#8220; header_font_size_tablet=&#8220;30px&#8220; header_font_size_phone=&#8220;24px&#8220; header_font_size_last_edited=&#8220;on|phone&#8220; global_colors_info=&#8220;{%22gcid-3ec2bccc-5bcb-4ce4-beba-891cb37fd6a6%22:%91%22header_text_color%22%93}&#8220;][\/et_pb_wc_title][et_pb_wc_price _builder_version=&#8220;4.23&#8243; body_font=&#8220;Montserrat||||||||&#8220; body_text_color=&#8220;gcid-606d042f-c90f-4ea6-97e7-7b08f1ba25f6&#8243; custom_margin=&#8220;-7px||-40px||false|false&#8220; body_font_size_tablet=&#8220;23px&#8220; body_font_size_phone=&#8220;23px&#8220; body_font_size_last_edited=&#8220;on|tablet&#8220; text_orientation_tablet=&#8220;center&#8220; text_orientation_phone=&#8220;center&#8220; text_orientation_last_edited=&#8220;on|tablet&#8220; global_colors_info=&#8220;{%22gcid-606d042f-c90f-4ea6-97e7-7b08f1ba25f6%22:%91%22body_text_color%22%93}&#8220;][\/et_pb_wc_price][et_pb_wc_add_to_cart product=&#8220;191&#8243; _builder_version=&#8220;4.23&#8243; fields_custom_margin_tablet=&#8220;&#8220; fields_custom_margin_phone=&#8220;&#8220; fields_custom_margin_last_edited=&#8220;on|tablet&#8220; field_label_font=&#8220;Montserrat|700|||||||&#8220; field_label_text_color=&#8220;#000000&#8243; field_label_font_size=&#8220;20px&#8220; fields_font=&#8220;Montserrat|600|||||||&#8220; custom_button=&#8220;on&#8220; button_text_color=&#8220;gcid-3ec2bccc-5bcb-4ce4-beba-891cb37fd6a6&#8243; button_custom_margin_tablet=&#8220;|||80px|false|false&#8220; button_custom_margin_phone=&#8220;8px|||80px|false|false&#8220; button_custom_margin_last_edited=&#8220;on|tablet&#8220; custom_margin=&#8220;80px||||false|false&#8220; custom_margin_tablet=&#8220;60px||||false|false&#8220; custom_margin_phone=&#8220;60px||61px||false|false&#8220; custom_margin_last_edited=&#8220;on|tablet&#8220; fields_text_align_tablet=&#8220;&#8220; fields_text_align_phone=&#8220;center&#8220; fields_text_align_last_edited=&#8220;on|phone&#8220; fields_font_size_tablet=&#8220;&#8220; fields_font_size_phone=&#8220;12px&#8220; fields_font_size_last_edited=&#8220;on|phone&#8220; button_text_size_tablet=&#8220;&#8220; button_text_size_phone=&#8220;15px&#8220; button_text_size_last_edited=&#8220;on|phone&#8220; global_colors_info=&#8220;{%22gcid-3ec2bccc-5bcb-4ce4-beba-891cb37fd6a6%22:%91%22button_text_color%22%93}&#8220;][\/et_pb_wc_add_to_cart][et_pb_wc_description product=&#8220;191&#8243; _builder_version=&#8220;4.23&#8243; _module_preset=&#8220;default&#8220; body_font=&#8220;Montserrat||||||||&#8220; hover_enabled=&#8220;0&#8243; global_colors_info=&#8220;{}&#8220; disabled_on=&#8220;on|on|on&#8220; disabled=&#8220;on&#8220; sticky_enabled=&#8220;0&#8243;][\/et_pb_wc_description][\/et_pb_column][\/et_pb_row][et_pb_row _builder_version=&#8220;4.16&#8243; background_size=&#8220;initial&#8220; background_position=&#8220;top_left&#8220; background_repeat=&#8220;repeat&#8220; width=&#8220;100%&#8220; collapsed=&#8220;on&#8220; global_colors_info=&#8220;{}&#8220;][et_pb_column type=&#8220;4_4&#8243; _builder_version=&#8220;4.16&#8243; custom_padding=&#8220;|||&#8220; global_colors_info=&#8220;{}&#8220; custom_padding__hover=&#8220;|||&#8220;][et_pb_wc_tabs _builder_version=&#8220;4.23&#8243; custom_margin=&#8220;-103px|||||&#8220; custom_margin_tablet=&#8220;26px||||false|false&#8220; custom_margin_phone=&#8220;-60px||-80px||false|false&#8220; custom_margin_last_edited=&#8220;on|tablet&#8220; custom_padding=&#8220;0px|||||&#8220; body_font_size_tablet=&#8220;13px&#8220; body_font_size_phone=&#8220;13px&#8220; body_font_size_last_edited=&#8220;on|tablet&#8220; global_colors_info=&#8220;{}&#8220;]\t\t\t\t\t[\/et_pb_wc_tabs][et_pb_wc_upsells _builder_version=&#8220;4.16&#8243; global_colors_info=&#8220;{}&#8220;][\/et_pb_wc_upsells][et_pb_wc_related_products _builder_version=&#8220;4.16&#8243; global_colors_info=&#8220;{}&#8220;][\/et_pb_wc_related_products][\/et_pb_column][\/et_pb_row][\/et_pb_section]<\/p>\n","protected":false},"excerpt":{"rendered":"<p>Wie Du zur\u00fcck zu Deinen urspr\u00fcnglichen Einstellungen kommst, damit Dein Leben leichter und erf\u00fcllter wird.<\/p>\n","protected":false},"featured_media":361,"comment_status":"closed","ping_status":"closed","template":"","meta":{"_et_pb_use_builder":"on","_et_pb_old_content":"<strong>Re-Born Mini-Kurs<\/strong>\r\n\r\n\u2713 Es ist ein Audiokurs. Du kannst ihn bequem beim Arbeiten oder Fahren im Hintergrund h\u00f6ren.\r\n\u2713 Der Kurs ist in einem Telegramm Kanal erstellt, wo du den Zugang erh\u00e4ltst\r\n\u2713 Im Kurs erf\u00e4hrst \u00fcber deine urspr\u00fcnglichen Einstellungen, Programme sowie das sogenannte Karma, womit du in die Welt gekommen bist.\r\n\u2713 Wie du zur\u00fcck zu den urspr\u00fcnglichen Einstellungen kommst, damit dein Leben leichter und erf\u00fcllter wird.\r\n... und vieles mehr...","_et_gb_content_width":"","content-type":""},"product_cat":[19],"product_tag":[18,17],"class_list":{"0":"post-191","1":"product","2":"type-product","3":"status-publish","4":"has-post-thumbnail","6":"product_cat-persoenlichkeitsentwicklung","7":"product_tag-gedanken","8":"product_tag-persoenlichkeitsentwicklung","10":"first","11":"instock","12":"downloadable","13":"virtual","14":"purchasable","15":"product-type-simple"},"yoast_head":"<!-- This site is optimized with the Yoast SEO plugin v22.4 - https:\/\/yoast.com\/wordpress\/plugins\/seo\/ -->\n<title>Re -Born - Re-Born Mini-Kurs<\/title>\n<meta name=\"robots\" content=\"index, follow, max-snippet:-1, max-image-preview:large, max-video-preview:-1\" \/>\n<link rel=\"canonical\" href=\"https:\/\/re-born.oxanabeselea.com\/?product=re-born\" \/>\n<meta property=\"og:locale\" content=\"de_DE\" \/>\n<meta property=\"og:type\" content=\"article\" \/>\n<meta property=\"og:title\" content=\"Re -Born - Re-Born Mini-Kurs\" \/>\n<meta property=\"og:description\" content=\"Wie Du zur\u00fcck zu Deinen urspr\u00fcnglichen Einstellungen kommst, damit Dein Leben leichter und erf\u00fcllter wird.\" \/>\n<meta property=\"og:url\" content=\"https:\/\/re-born.oxanabeselea.com\/?product=re-born\" \/>\n<meta property=\"og:site_name\" content=\"Re-Born Mini-Kurs\" \/>\n<meta property=\"article:modified_time\" content=\"2023-11-05T09:33:12+00:00\" \/>\n<meta property=\"og:image\" content=\"https:\/\/re-born.oxanabeselea.com\/wp-content\/uploads\/2023\/11\/Design-ohne-Titel-20-1.png\" \/>\n\t<meta property=\"og:image:width\" content=\"1000\" \/>\n\t<meta property=\"og:image:height\" content=\"1000\" \/>\n\t<meta property=\"og:image:type\" content=\"image\/png\" \/>\n<meta name=\"twitter:card\" content=\"summary_large_image\" \/>\n<meta name=\"twitter:label1\" content=\"Gesch\u00e4tzte Lesezeit\" \/>\n\t<meta name=\"twitter:data1\" content=\"1\u00a0Minute\" \/>\n<script type=\"application\/ld+json\" class=\"yoast-schema-graph\">{\"@context\":\"https:\/\/schema.org\",\"@graph\":[{\"@type\":\"WebPage\",\"@id\":\"https:\/\/re-born.oxanabeselea.com\/?product=re-born\",\"url\":\"https:\/\/re-born.oxanabeselea.com\/?product=re-born\",\"name\":\"Re -Born - Re-Born Mini-Kurs\",\"isPartOf\":{\"@id\":\"https:\/\/re-born.oxanabeselea.com\/#website\"},\"primaryImageOfPage\":{\"@id\":\"https:\/\/re-born.oxanabeselea.com\/?product=re-born#primaryimage\"},\"image\":{\"@id\":\"https:\/\/re-born.oxanabeselea.com\/?product=re-born#primaryimage\"},\"thumbnailUrl\":\"https:\/\/re-born.oxanabeselea.com\/wp-content\/uploads\/2023\/11\/Design-ohne-Titel-20-1.png\",\"datePublished\":\"2023-11-01T09:32:46+00:00\",\"dateModified\":\"2023-11-05T09:33:12+00:00\",\"breadcrumb\":{\"@id\":\"https:\/\/re-born.oxanabeselea.com\/?product=re-born#breadcrumb\"},\"inLanguage\":\"de\",\"potentialAction\":[{\"@type\":\"ReadAction\",\"target\":[\"https:\/\/re-born.oxanabeselea.com\/?product=re-born\"]}]},{\"@type\":\"ImageObject\",\"inLanguage\":\"de\",\"@id\":\"https:\/\/re-born.oxanabeselea.com\/?product=re-born#primaryimage\",\"url\":\"https:\/\/re-born.oxanabeselea.com\/wp-content\/uploads\/2023\/11\/Design-ohne-Titel-20-1.png\",\"contentUrl\":\"https:\/\/re-born.oxanabeselea.com\/wp-content\/uploads\/2023\/11\/Design-ohne-Titel-20-1.png\",\"width\":1000,\"height\":1000,\"caption\":\"Produktbild Re-Born Mini-Kurs Oxana Beselea\"},{\"@type\":\"BreadcrumbList\",\"@id\":\"https:\/\/re-born.oxanabeselea.com\/?product=re-born#breadcrumb\",\"itemListElement\":[{\"@type\":\"ListItem\",\"position\":1,\"name\":\"Startseite\",\"item\":\"https:\/\/re-born.oxanabeselea.com\/\"},{\"@type\":\"ListItem\",\"position\":2,\"name\":\"Re-Born Mini-Kurs\",\"item\":\"https:\/\/re-born.oxanabeselea.com\/\"},{\"@type\":\"ListItem\",\"position\":3,\"name\":\"Re -Born\"}]},{\"@type\":\"WebSite\",\"@id\":\"https:\/\/re-born.oxanabeselea.com\/#website\",\"url\":\"https:\/\/re-born.oxanabeselea.com\/\",\"name\":\"Re-Born Mini-Kurs\",\"description\":\"f\u00fcr F\u00fclle &amp; Erfolg\",\"potentialAction\":[{\"@type\":\"SearchAction\",\"target\":{\"@type\":\"EntryPoint\",\"urlTemplate\":\"https:\/\/re-born.oxanabeselea.com\/?s={search_term_string}\"},\"query-input\":\"required name=search_term_string\"}],\"inLanguage\":\"de\"}]}<\/script>\n<!-- \/ Yoast SEO plugin. -->","yoast_head_json":{"title":"Re -Born - Re-Born Mini-Kurs","robots":{"index":"index","follow":"follow","max-snippet":"max-snippet:-1","max-image-preview":"max-image-preview:large","max-video-preview":"max-video-preview:-1"},"canonical":"https:\/\/re-born.oxanabeselea.com\/?product=re-born","og_locale":"de_DE","og_type":"article","og_title":"Re -Born - Re-Born Mini-Kurs","og_description":"Wie Du zur\u00fcck zu Deinen urspr\u00fcnglichen Einstellungen kommst, damit Dein Leben leichter und erf\u00fcllter wird.","og_url":"https:\/\/re-born.oxanabeselea.com\/?product=re-born","og_site_name":"Re-Born Mini-Kurs","article_modified_time":"2023-11-05T09:33:12+00:00","og_image":[{"width":1000,"height":1000,"url":"https:\/\/re-born.oxanabeselea.com\/wp-content\/uploads\/2023\/11\/Design-ohne-Titel-20-1.png","type":"image\/png"}],"twitter_card":"summary_large_image","twitter_misc":{"Gesch\u00e4tzte Lesezeit":"1\u00a0Minute"},"schema":{"@context":"https:\/\/schema.org","@graph":[{"@type":"WebPage","@id":"https:\/\/re-born.oxanabeselea.com\/?product=re-born","url":"https:\/\/re-born.oxanabeselea.com\/?product=re-born","name":"Re -Born - Re-Born Mini-Kurs","isPartOf":{"@id":"https:\/\/re-born.oxanabeselea.com\/#website"},"primaryImageOfPage":{"@id":"https:\/\/re-born.oxanabeselea.com\/?product=re-born#primaryimage"},"image":{"@id":"https:\/\/re-born.oxanabeselea.com\/?product=re-born#primaryimage"},"thumbnailUrl":"https:\/\/re-born.oxanabeselea.com\/wp-content\/uploads\/2023\/11\/Design-ohne-Titel-20-1.png","datePublished":"2023-11-01T09:32:46+00:00","dateModified":"2023-11-05T09:33:12+00:00","breadcrumb":{"@id":"https:\/\/re-born.oxanabeselea.com\/?product=re-born#breadcrumb"},"inLanguage":"de","potentialAction":[{"@type":"ReadAction","target":["https:\/\/re-born.oxanabeselea.com\/?product=re-born"]}]},{"@type":"ImageObject","inLanguage":"de","@id":"https:\/\/re-born.oxanabeselea.com\/?product=re-born#primaryimage","url":"https:\/\/re-born.oxanabeselea.com\/wp-content\/uploads\/2023\/11\/Design-ohne-Titel-20-1.png","contentUrl":"https:\/\/re-born.oxanabeselea.com\/wp-content\/uploads\/2023\/11\/Design-ohne-Titel-20-1.png","width":1000,"height":1000,"caption":"Produktbild Re-Born Mini-Kurs Oxana Beselea"},{"@type":"BreadcrumbList","@id":"https:\/\/re-born.oxanabeselea.com\/?product=re-born#breadcrumb","itemListElement":[{"@type":"ListItem","position":1,"name":"Startseite","item":"https:\/\/re-born.oxanabeselea.com\/"},{"@type":"ListItem","position":2,"name":"Re-Born Mini-Kurs","item":"https:\/\/re-born.oxanabeselea.com\/"},{"@type":"ListItem","position":3,"name":"Re -Born"}]},{"@type":"WebSite","@id":"https:\/\/re-born.oxanabeselea.com\/#website","url":"https:\/\/re-born.oxanabeselea.com\/","name":"Re-Born Mini-Kurs","description":"f\u00fcr F\u00fclle &amp; Erfolg","potentialAction":[{"@type":"SearchAction","target":{"@type":"EntryPoint","urlTemplate":"https:\/\/re-born.oxanabeselea.com\/?s={search_term_string}"},"query-input":"required name=search_term_string"}],"inLanguage":"de"}]}},"_links":{"self":[{"href":"https:\/\/re-born.oxanabeselea.com\/index.php?rest_route=\/wp\/v2\/product\/191","targetHints":{"allow":["GET"]}}],"collection":[{"href":"https:\/\/re-born.oxanabeselea.com\/index.php?rest_route=\/wp\/v2\/product"}],"about":[{"href":"https:\/\/re-born.oxanabeselea.com\/index.php?rest_route=\/wp\/v2\/types\/product"}],"replies":[{"embeddable":true,"href":"https:\/\/re-born.oxanabeselea.com\/index.php?rest_route=%2Fwp%2Fv2%2Fcomments&post=191"}],"wp:featuredmedia":[{"embeddable":true,"href":"https:\/\/re-born.oxanabeselea.com\/index.php?rest_route=\/wp\/v2\/media\/361"}],"wp:attachment":[{"href":"https:\/\/re-born.oxanabeselea.com\/index.php?rest_route=%2Fwp%2Fv2%2Fmedia&parent=191"}],"wp:term":[{"taxonomy":"product_cat","embeddable":true,"href":"https:\/\/re-born.oxanabeselea.com\/index.php?rest_route=%2Fwp%2Fv2%2Fproduct_cat&post=191"},{"taxonomy":"product_tag","embeddable":true,"href":"https:\/\/re-born.oxanabeselea.com\/index.php?rest_route=%2Fwp%2Fv2%2Fproduct_tag&post=191"}],"curies":[{"name":"wp","href":"https:\/\/api.w.org\/{rel}","templated":true}]}}